{"id":2977,"date":"2020-10-06T13:22:29","date_gmt":"2020-10-06T11:22:29","guid":{"rendered":"http:\/\/restaurante4estaciones.com\/celler\/"},"modified":"2025-11-21T14:27:33","modified_gmt":"2025-11-21T13:27:33","slug":"celler","status":"publish","type":"page","link":"http:\/\/restaurante4estaciones.com\/ca\/celler\/","title":{"rendered":"Celler"},"content":{"rendered":"<p>[et_pb_section fb_built=&#8221;1&#8243; disabled_on=&#8221;off|off|off&#8221; _builder_version=&#8221;4.17.6&#8243; _module_preset=&#8221;default&#8221; background_image=&#8221;http:\/\/restaurante4estaciones.com\/wp-content\/uploads\/2022\/07\/Header-Bodega-Restaurante-4-Estaciones-Viladecans.jpg&#8221; custom_padding=&#8221;0px||0px||false|false&#8221; box_shadow_style=&#8221;preset3&#8243; locked=&#8221;off&#8221; global_colors_info=&#8221;{}&#8221;][et_pb_row make_equal=&#8221;on&#8221; custom_padding_last_edited=&#8221;on|phone&#8221; _builder_version=&#8221;4.17.6&#8243; _module_preset=&#8221;default&#8221; background_color=&#8221;rgba(234,234,234,0.78)&#8221; width=&#8221;100%&#8221; max_width=&#8221;100%&#8221; custom_padding=&#8221;150px||150px||true|false&#8221; custom_padding_tablet=&#8221;100px||100px||true|false&#8221; custom_padding_phone=&#8221;50px||50px||true|false&#8221; custom_css_main_element=&#8221;align-items:center;&#8221; global_colors_info=&#8221;{}&#8221;][et_pb_column type=&#8221;4_4&#8243; _builder_version=&#8221;4.17.6&#8243; _module_preset=&#8221;default&#8221; global_colors_info=&#8221;{}&#8221;][et_pb_heading title=&#8221;Carta de Vins&#8221; _builder_version=&#8221;4.27.4&#8243; _module_preset=&#8221;default&#8221; title_text_align=&#8221;center&#8221; hover_enabled=&#8221;0&#8243; sticky_enabled=&#8221;0&#8243; title_font=&#8221;|||on|||||&#8221; title_font_size=&#8221;70px&#8221; title_font_size_last_edited=&#8221;on|phone&#8221; title_font_size_tablet=&#8221;36px&#8221; title_font_size_phone=&#8221;20px&#8221; locked=&#8221;off&#8221;][\/et_pb_heading][\/et_pb_column][\/et_pb_row][\/et_pb_section][et_pb_section fb_built=&#8221;1&#8243; _builder_version=&#8221;4.17.6&#8243; _module_preset=&#8221;default&#8221; use_background_color_gradient=&#8221;on&#8221; background_color_gradient_type=&#8221;circular&#8221; background_color_gradient_stops=&#8221;rgba(255,255,255,0.32) 1%|rgba(132,132,132,0.25) 100%&#8221; background_color_gradient_overlays_image=&#8221;on&#8221; background_image=&#8221;http:\/\/restaurante4estaciones.com\/wp-content\/uploads\/2022\/07\/Decoracion-Vinos.png&#8221; background_size=&#8221;contain&#8221; display_conditions=&#8221;W10=&#8221; custom_padding=&#8221;||0px|||&#8221; background_last_edited=&#8221;on|phone&#8221; background_image_phone=&#8221;http:\/\/restaurante4estaciones.com\/wp-content\/uploads\/2022\/07\/Decoracion-Vinos-03.png&#8221; background_enable_image_phone=&#8221;on&#8221; background_size_phone=&#8221;stretch&#8221; background_position_phone=&#8221;center&#8221; background_blend_phone=&#8221;color-dodge&#8221; global_colors_info=&#8221;{}&#8221;][et_pb_row column_structure=&#8221;1_4,1_4,1_4,1_4&#8243; _builder_version=&#8221;4.17.6&#8243; _module_preset=&#8221;default&#8221; width=&#8221;90%&#8221; max_width=&#8221;100%&#8221; global_colors_info=&#8221;{}&#8221;][et_pb_column type=&#8221;1_4&#8243; _builder_version=&#8221;4.17.6&#8243; _module_preset=&#8221;default&#8221; global_colors_info=&#8221;{}&#8221;][et_pb_text _builder_version=&#8221;4.22.1&#8243; _module_preset=&#8221;default&#8221; text_font_size=&#8221;14px&#8221; header_2_font=&#8221;|600||on|||||&#8221; header_2_text_color=&#8221;#7A0202&#8243; header_2_line_height=&#8221;1.3em&#8221; header_3_text_color=&#8221;#7A0202&#8243; global_colors_info=&#8221;{}&#8221;]<\/p>\n<h2>Escumosos<\/h2>\n<h3>Frescs i afruitats<\/h3>\n<p>[\/et_pb_text][et_pb_db_shop_loop loop_layout=&#8221;2216&#8243; posts_number=&#8221;30&#8243; fullwidth=&#8221;list&#8221; custom_loop=&#8221;on&#8221; include_cats=&#8221;efa&#8221; sort_order=&#8221;menu_order&#8221; _builder_version=&#8221;4.22.1&#8243; _module_preset=&#8221;default&#8221; global_colors_info=&#8221;{}&#8221;][\/et_pb_db_shop_loop][et_pb_text _builder_version=&#8221;4.22.1&#8243; _module_preset=&#8221;default&#8221; text_font_size=&#8221;14px&#8221; header_2_font=&#8221;|600||on|||||&#8221; header_2_text_color=&#8221;#7A0202&#8243; header_2_line_height=&#8221;1.3em&#8221; header_3_text_color=&#8221;#7A0202&#8243; global_colors_info=&#8221;{}&#8221;]<\/p>\n<h3>Elegants i amb volum<\/h3>\n<p>[\/et_pb_text][et_pb_db_shop_loop loop_layout=&#8221;2216&#8243; posts_number=&#8221;30&#8243; fullwidth=&#8221;list&#8221; custom_loop=&#8221;on&#8221; include_cats=&#8221;eev&#8221; sort_order=&#8221;menu_order&#8221; _builder_version=&#8221;4.22.1&#8243; _module_preset=&#8221;default&#8221; global_colors_info=&#8221;{}&#8221;][\/et_pb_db_shop_loop][et_pb_text _builder_version=&#8221;4.22.1&#8243; _module_preset=&#8221;default&#8221; text_font_size=&#8221;14px&#8221; header_2_font=&#8221;|600||on|||||&#8221; header_2_text_color=&#8221;#7A0202&#8243; header_2_line_height=&#8221;1.3em&#8221; header_3_text_color=&#8221;#7A0202&#8243; global_colors_info=&#8221;{}&#8221;]<\/p>\n<h2>Champagnes<\/h2>\n<p>[\/et_pb_text][et_pb_db_shop_loop loop_layout=&#8221;2216&#8243; posts_number=&#8221;30&#8243; fullwidth=&#8221;list&#8221; custom_loop=&#8221;on&#8221; include_cats=&#8221;champagne&#8221; sort_order=&#8221;menu_order&#8221; _builder_version=&#8221;4.22.1&#8243; _module_preset=&#8221;default&#8221; global_colors_info=&#8221;{}&#8221;][\/et_pb_db_shop_loop][et_pb_text _builder_version=&#8221;4.22.1&#8243; _module_preset=&#8221;default&#8221; text_font_size=&#8221;14px&#8221; header_2_font=&#8221;|600||on|||||&#8221; header_2_text_color=&#8221;#7A0202&#8243; header_2_line_height=&#8221;1.3em&#8221; header_3_text_color=&#8221;#7A0202&#8243; global_colors_info=&#8221;{}&#8221;]<\/p>\n<h2>Rosats<\/h2>\n<p>[\/et_pb_text][et_pb_db_shop_loop loop_layout=&#8221;2216&#8243; posts_number=&#8221;30&#8243; fullwidth=&#8221;list&#8221; custom_loop=&#8221;on&#8221; include_cats=&#8221;rosados&#8221; sort_order=&#8221;menu_order&#8221; _builder_version=&#8221;4.22.1&#8243; _module_preset=&#8221;default&#8221; global_colors_info=&#8221;{}&#8221;][\/et_pb_db_shop_loop][et_pb_text _builder_version=&#8221;4.22.1&#8243; _module_preset=&#8221;default&#8221; text_font_size=&#8221;14px&#8221; header_2_font=&#8221;|600||on|||||&#8221; header_2_text_color=&#8221;#7A0202&#8243; header_2_line_height=&#8221;1.3em&#8221; header_3_text_color=&#8221;#7A0202&#8243; global_colors_info=&#8221;{}&#8221;]<\/p>\n<h2>Dol\u00e7os i Generosos<\/h2>\n<p>[\/et_pb_text][et_pb_db_shop_loop loop_layout=&#8221;2216&#8243; posts_number=&#8221;30&#8243; fullwidth=&#8221;list&#8221; custom_loop=&#8221;on&#8221; include_cats=&#8221;dulces-generosos&#8221; sort_order=&#8221;menu_order&#8221; _builder_version=&#8221;4.22.1&#8243; _module_preset=&#8221;default&#8221; global_colors_info=&#8221;{}&#8221;][\/et_pb_db_shop_loop][et_pb_text _builder_version=&#8221;4.22.1&#8243; _module_preset=&#8221;default&#8221; text_font_size=&#8221;14px&#8221; header_2_font=&#8221;|600||on|||||&#8221; header_2_text_color=&#8221;#7A0202&#8243; header_2_line_height=&#8221;1.3em&#8221; header_3_text_color=&#8221;#7A0202&#8243; global_colors_info=&#8221;{}&#8221;]<\/p>\n<h2>Sangries<\/h2>\n<p>[\/et_pb_text][et_pb_db_shop_loop loop_layout=&#8221;2216&#8243; posts_number=&#8221;30&#8243; fullwidth=&#8221;list&#8221; custom_loop=&#8221;on&#8221; include_cats=&#8221;sangrias&#8221; sort_order=&#8221;menu_order&#8221; _builder_version=&#8221;4.22.1&#8243; _module_preset=&#8221;default&#8221; global_colors_info=&#8221;{}&#8221;][\/et_pb_db_shop_loop][\/et_pb_column][et_pb_column type=&#8221;1_4&#8243; _builder_version=&#8221;4.17.6&#8243; _module_preset=&#8221;default&#8221; global_colors_info=&#8221;{}&#8221;][et_pb_text _builder_version=&#8221;4.22.1&#8243; _module_preset=&#8221;default&#8221; text_font_size=&#8221;14px&#8221; header_2_font=&#8221;|600||on|||||&#8221; header_2_text_color=&#8221;#7A0202&#8243; header_2_line_height=&#8221;1.3em&#8221; header_3_text_color=&#8221;#7A0202&#8243; global_colors_info=&#8221;{}&#8221;]<\/p>\n<h2>Blancs<\/h2>\n<h3>Frescos y afrutados<\/h3>\n<p>[\/et_pb_text][et_pb_db_shop_loop loop_layout=&#8221;2216&#8243; posts_number=&#8221;30&#8243; fullwidth=&#8221;list&#8221; custom_loop=&#8221;on&#8221; include_cats=&#8221;bfa&#8221; sort_order=&#8221;menu_order&#8221; _builder_version=&#8221;4.22.1&#8243; _module_preset=&#8221;default&#8221; global_colors_info=&#8221;{}&#8221;][\/et_pb_db_shop_loop][et_pb_text _builder_version=&#8221;4.22.1&#8243; _module_preset=&#8221;default&#8221; text_font_size=&#8221;14px&#8221; header_2_font=&#8221;|600||on|||||&#8221; header_2_text_color=&#8221;#7A0202&#8243; header_2_line_height=&#8221;1.3em&#8221; header_3_text_color=&#8221;#7A0202&#8243; global_colors_info=&#8221;{}&#8221;]<\/p>\n<h3>Secs i elegants<\/h3>\n<p>[\/et_pb_text][et_pb_db_shop_loop loop_layout=&#8221;2216&#8243; posts_number=&#8221;30&#8243; fullwidth=&#8221;list&#8221; custom_loop=&#8221;on&#8221; include_cats=&#8221;bse&#8221; sort_order=&#8221;menu_order&#8221; _builder_version=&#8221;4.22.1&#8243; _module_preset=&#8221;default&#8221; global_colors_info=&#8221;{}&#8221;][\/et_pb_db_shop_loop][et_pb_text _builder_version=&#8221;4.22.1&#8243; _module_preset=&#8221;default&#8221; text_font_size=&#8221;14px&#8221; header_2_font=&#8221;|600||on|||||&#8221; header_2_text_color=&#8221;#7A0202&#8243; header_2_line_height=&#8221;1.3em&#8221; header_3_text_color=&#8221;#7A0202&#8243; global_colors_info=&#8221;{}&#8221;]<\/p>\n<h3>Gastron\u00f2mics i amb volum<\/h3>\n<p>[\/et_pb_text][et_pb_db_shop_loop loop_layout=&#8221;2216&#8243; posts_number=&#8221;30&#8243; fullwidth=&#8221;list&#8221; custom_loop=&#8221;on&#8221; include_cats=&#8221;bgv&#8221; sort_order=&#8221;menu_order&#8221; _builder_version=&#8221;4.22.1&#8243; _module_preset=&#8221;default&#8221; global_colors_info=&#8221;{}&#8221;][\/et_pb_db_shop_loop][\/et_pb_column][et_pb_column type=&#8221;1_4&#8243; _builder_version=&#8221;4.17.6&#8243; _module_preset=&#8221;default&#8221; global_colors_info=&#8221;{}&#8221;][et_pb_text _builder_version=&#8221;4.22.1&#8243; _module_preset=&#8221;default&#8221; text_font_size=&#8221;14px&#8221; header_2_font=&#8221;|600||on|||||&#8221; header_2_text_color=&#8221;#7A0202&#8243; header_2_line_height=&#8221;1.3em&#8221; header_3_text_color=&#8221;#7A0202&#8243; global_colors_info=&#8221;{}&#8221;]<\/p>\n<h2>Negres<\/h2>\n<h3>Frescs i afruitats<\/h3>\n<p>[\/et_pb_text][et_pb_db_shop_loop loop_layout=&#8221;2216&#8243; posts_number=&#8221;30&#8243; fullwidth=&#8221;list&#8221; custom_loop=&#8221;on&#8221; include_cats=&#8221;tfa&#8221; sort_order=&#8221;menu_order&#8221; _builder_version=&#8221;4.22.1&#8243; _module_preset=&#8221;default&#8221; global_colors_info=&#8221;{}&#8221;][\/et_pb_db_shop_loop][et_pb_text _builder_version=&#8221;4.22.1&#8243; _module_preset=&#8221;default&#8221; text_font_size=&#8221;14px&#8221; header_2_font=&#8221;|600||on|||||&#8221; header_2_text_color=&#8221;#7A0202&#8243; header_2_line_height=&#8221;1.3em&#8221; header_3_text_color=&#8221;#7A0202&#8243; global_colors_info=&#8221;{}&#8221;]<\/p>\n<h3>Mig cos i amb barrica<\/h3>\n<p>[\/et_pb_text][et_pb_db_shop_loop loop_layout=&#8221;2216&#8243; posts_number=&#8221;30&#8243; fullwidth=&#8221;list&#8221; custom_loop=&#8221;on&#8221; include_cats=&#8221;tmcb&#8221; sort_order=&#8221;menu_order&#8221; _builder_version=&#8221;4.22.1&#8243; _module_preset=&#8221;default&#8221; global_colors_info=&#8221;{}&#8221;][\/et_pb_db_shop_loop][et_pb_text _builder_version=&#8221;4.22.1&#8243; _module_preset=&#8221;default&#8221; text_font_size=&#8221;14px&#8221; header_2_font=&#8221;|600||on|||||&#8221; header_2_text_color=&#8221;#7A0202&#8243; header_2_line_height=&#8221;1.3em&#8221; header_3_text_color=&#8221;#7A0202&#8243; global_colors_info=&#8221;{}&#8221;]<\/p>\n<h3>Gastron\u00f2mics i complexos<\/h3>\n<p>[\/et_pb_text][et_pb_db_shop_loop loop_layout=&#8221;2216&#8243; posts_number=&#8221;30&#8243; fullwidth=&#8221;list&#8221; custom_loop=&#8221;on&#8221; include_cats=&#8221;tgc&#8221; sort_order=&#8221;menu_order&#8221; _builder_version=&#8221;4.22.1&#8243; _module_preset=&#8221;default&#8221; global_colors_info=&#8221;{}&#8221;][\/et_pb_db_shop_loop][\/et_pb_column][et_pb_column type=&#8221;1_4&#8243; _builder_version=&#8221;4.17.6&#8243; _module_preset=&#8221;default&#8221; global_colors_info=&#8221;{}&#8221;][et_pb_text _builder_version=&#8221;4.22.1&#8243; _module_preset=&#8221;default&#8221; text_font_size=&#8221;14px&#8221; header_2_font=&#8221;|600||on|||||&#8221; header_2_text_color=&#8221;#7A0202&#8243; header_2_line_height=&#8221;1.3em&#8221; header_3_text_color=&#8221;#7A0202&#8243; global_colors_info=&#8221;{}&#8221;]<\/p>\n<h2>Formatos especiales<\/h2>\n<h3>Formats petits 0,50 l<\/h3>\n<p>[\/et_pb_text][et_pb_db_shop_loop loop_layout=&#8221;2216&#8243; posts_number=&#8221;30&#8243; fullwidth=&#8221;list&#8221; custom_loop=&#8221;on&#8221; include_cats=&#8221;fefp&#8221; sort_order=&#8221;menu_order&#8221; _builder_version=&#8221;4.22.1&#8243; _module_preset=&#8221;default&#8221; global_colors_info=&#8221;{}&#8221;][\/et_pb_db_shop_loop][et_pb_text _builder_version=&#8221;4.22.1&#8243; _module_preset=&#8221;default&#8221; text_font_size=&#8221;14px&#8221; header_2_font=&#8221;|600||on|||||&#8221; header_2_text_color=&#8221;#7A0202&#8243; header_2_line_height=&#8221;1.3em&#8221; header_3_text_color=&#8221;#7A0202&#8243; global_colors_info=&#8221;{}&#8221;]<\/p>\n<h3>Escumosos magnum<\/h3>\n<p>[\/et_pb_text][et_pb_db_shop_loop loop_layout=&#8221;2216&#8243; posts_number=&#8221;30&#8243; fullwidth=&#8221;list&#8221; custom_loop=&#8221;on&#8221; include_cats=&#8221;feem&#8221; sort_order=&#8221;menu_order&#8221; _builder_version=&#8221;4.22.1&#8243; _module_preset=&#8221;default&#8221; global_colors_info=&#8221;{}&#8221;][\/et_pb_db_shop_loop][et_pb_text _builder_version=&#8221;4.22.1&#8243; _module_preset=&#8221;default&#8221; text_font_size=&#8221;14px&#8221; header_2_font=&#8221;|600||on|||||&#8221; header_2_text_color=&#8221;#7A0202&#8243; header_2_line_height=&#8221;1.3em&#8221; header_3_text_color=&#8221;#7A0202&#8243; global_colors_info=&#8221;{}&#8221;]<\/p>\n<h3>Blancs magnum<\/h3>\n<p>[\/et_pb_text][et_pb_db_shop_loop loop_layout=&#8221;2216&#8243; posts_number=&#8221;30&#8243; fullwidth=&#8221;list&#8221; custom_loop=&#8221;on&#8221; include_cats=&#8221;febm&#8221; sort_order=&#8221;menu_order&#8221; _builder_version=&#8221;4.22.1&#8243; _module_preset=&#8221;default&#8221; global_colors_info=&#8221;{}&#8221;][\/et_pb_db_shop_loop][et_pb_text _builder_version=&#8221;4.22.1&#8243; _module_preset=&#8221;default&#8221; text_font_size=&#8221;14px&#8221; header_2_font=&#8221;|600||on|||||&#8221; header_2_text_color=&#8221;#7A0202&#8243; header_2_line_height=&#8221;1.3em&#8221; header_3_text_color=&#8221;#7A0202&#8243; global_colors_info=&#8221;{}&#8221;]<\/p>\n<h3>Negres magnum<\/h3>\n<p>[\/et_pb_text][et_pb_db_shop_loop loop_layout=&#8221;2216&#8243; posts_number=&#8221;30&#8243; fullwidth=&#8221;list&#8221; custom_loop=&#8221;on&#8221; include_cats=&#8221;fetm&#8221; sort_order=&#8221;menu_order&#8221; admin_label=&#8221;ARP Product Loop &#8211; Archive Pages&#8221; _builder_version=&#8221;4.22.1&#8243; _module_preset=&#8221;default&#8221; global_colors_info=&#8221;{}&#8221;][\/et_pb_db_shop_loop][\/et_pb_column][\/et_pb_row][\/et_pb_section]<\/p>\n","protected":false},"excerpt":{"rendered":"<p>Escumosos Frescs i afruitatsElegants i amb volumChampagnesRosatsDol\u00e7os i GenerososSangriesBlancs Frescos y afrutadosSecs i elegantsGastron\u00f2mics i amb volumNegres Frescs i afruitatsMig cos i amb barricaGastron\u00f2mics i complexosFormatos especiales Formats petits 0,50 lEscumosos magnumBlancs magnumNegres magnum<\/p>\n","protected":false},"author":1,"featured_media":0,"parent":0,"menu_order":0,"comment_status":"closed","ping_status":"closed","template":"","meta":{"_et_pb_use_builder":"on","_et_pb_old_content":"","_et_gb_content_width":"","_joinchat":[],"footnotes":""},"class_list":["post-2977","page","type-page","status-publish","hentry"],"_links":{"self":[{"href":"http:\/\/restaurante4estaciones.com\/ca\/wp-json\/wp\/v2\/pages\/2977","targetHints":{"allow":["GET"]}}],"collection":[{"href":"http:\/\/restaurante4estaciones.com\/ca\/wp-json\/wp\/v2\/pages"}],"about":[{"href":"http:\/\/restaurante4estaciones.com\/ca\/wp-json\/wp\/v2\/types\/page"}],"author":[{"embeddable":true,"href":"http:\/\/restaurante4estaciones.com\/ca\/wp-json\/wp\/v2\/users\/1"}],"replies":[{"embeddable":true,"href":"http:\/\/restaurante4estaciones.com\/ca\/wp-json\/wp\/v2\/comments?post=2977"}],"version-history":[{"count":6,"href":"http:\/\/restaurante4estaciones.com\/ca\/wp-json\/wp\/v2\/pages\/2977\/revisions"}],"predecessor-version":[{"id":5222,"href":"http:\/\/restaurante4estaciones.com\/ca\/wp-json\/wp\/v2\/pages\/2977\/revisions\/5222"}],"wp:attachment":[{"href":"http:\/\/restaurante4estaciones.com\/ca\/wp-json\/wp\/v2\/media?parent=2977"}],"curies":[{"name":"wp","href":"https:\/\/api.w.org\/{rel}","templated":true}]}}