{"id":5227,"date":"2025-11-01T14:04:05","date_gmt":"2025-11-01T13:04:05","guid":{"rendered":"https:\/\/restaurante4estaciones.com\/menu-migdia\/"},"modified":"2025-11-21T14:42:55","modified_gmt":"2025-11-21T13:42:55","slug":"menu-migdia","status":"publish","type":"page","link":"http:\/\/restaurante4estaciones.com\/ca\/menu-migdia\/","title":{"rendered":"Men\u00fa Migdia"},"content":{"rendered":"<p>[et_pb_section fb_built=&#8221;1&#8243; disabled_on=&#8221;off|off|off&#8221; _builder_version=&#8221;4.17.6&#8243; _module_preset=&#8221;default&#8221; background_image=&#8221;http:\/\/restaurante4estaciones.com\/wp-content\/uploads\/2022\/07\/Header-Carta.jpg&#8221; custom_padding=&#8221;0px||0px||false|false&#8221; box_shadow_style=&#8221;preset3&#8243; locked=&#8221;off&#8221; global_colors_info=&#8221;{}&#8221;][et_pb_row make_equal=&#8221;on&#8221; custom_padding_last_edited=&#8221;on|phone&#8221; _builder_version=&#8221;4.17.6&#8243; _module_preset=&#8221;default&#8221; background_color=&#8221;rgba(234,234,234,0.87)&#8221; width=&#8221;100%&#8221; max_width=&#8221;100%&#8221; custom_padding=&#8221;150px||150px||true|false&#8221; custom_padding_tablet=&#8221;100px||100px||true|false&#8221; custom_padding_phone=&#8221;50px||50px||true|false&#8221; custom_css_main_element=&#8221;align-items:center;&#8221; global_colors_info=&#8221;{}&#8221;][et_pb_column type=&#8221;4_4&#8243; _builder_version=&#8221;4.17.6&#8243; _module_preset=&#8221;default&#8221; global_colors_info=&#8221;{}&#8221;][et_pb_heading title=&#8221;Men\u00fa Migdia&#8221; _builder_version=&#8221;4.27.4&#8243; _module_preset=&#8221;default&#8221; title_text_align=&#8221;center&#8221; hover_enabled=&#8221;0&#8243; sticky_enabled=&#8221;0&#8243; title_font=&#8221;|||on|||||&#8221; title_font_size=&#8221;70px&#8221; title_font_size_last_edited=&#8221;on|phone&#8221; title_font_size_tablet=&#8221;36px&#8221; title_font_size_phone=&#8221;20px&#8221; locked=&#8221;off&#8221;][\/et_pb_heading][et_pb_text _builder_version=&#8221;4.27.4&#8243; _module_preset=&#8221;default&#8221; text_font_size=&#8221;25px&#8221; text_orientation=&#8221;center&#8221; text_font_size_tablet=&#8221;20px&#8221; text_font_size_phone=&#8221;15px&#8221; text_font_size_last_edited=&#8221;on|phone&#8221; global_colors_info=&#8221;{}&#8221;]<\/p>\n<p>Dimecres, dijous i divendres NO FESTIUS<\/p>\n<p>[\/et_pb_text][\/et_pb_column][\/et_pb_row][\/et_pb_section][et_pb_section fb_built=&#8221;1&#8243; _builder_version=&#8221;4.17.6&#8243; _module_preset=&#8221;default&#8221; use_background_color_gradient=&#8221;on&#8221; background_color_gradient_type=&#8221;circular&#8221; background_color_gradient_stops=&#8221;rgba(255,255,255,0.32) 1%|rgba(132,132,132,0.25) 100%&#8221; background_color_gradient_overlays_image=&#8221;on&#8221; background_image=&#8221;http:\/\/restaurante4estaciones.com\/wp-content\/uploads\/2022\/07\/Decoracion-carta.png&#8221; display_conditions=&#8221;W10=&#8221; custom_padding=&#8221;35px|||||&#8221; background_last_edited=&#8221;on|phone&#8221; background_image_phone=&#8221;http:\/\/restaurante4estaciones.com\/wp-content\/uploads\/2022\/07\/Decoracion-fondo-carta-Movil.png&#8221; background_enable_image_phone=&#8221;on&#8221; background_size_phone=&#8221;stretch&#8221; background_position_phone=&#8221;center&#8221; background_blend_phone=&#8221;color&#8221; global_colors_info=&#8221;{}&#8221;][et_pb_row _builder_version=&#8221;4.17.6&#8243; _module_preset=&#8221;default&#8221; width=&#8221;90%&#8221; max_width=&#8221;100%&#8221; global_colors_info=&#8221;{}&#8221;][et_pb_column type=&#8221;4_4&#8243; _builder_version=&#8221;4.17.6&#8243; _module_preset=&#8221;default&#8221; global_colors_info=&#8221;{}&#8221;][et_pb_text module_id=&#8221;tapas&#8221; _builder_version=&#8221;4.27.4&#8243; _module_preset=&#8221;default&#8221; header_2_font=&#8221;|600||on|||||&#8221; header_2_text_align=&#8221;center&#8221; header_2_line_height=&#8221;1.3em&#8221; text_orientation=&#8221;center&#8221; header_2_font_size_tablet=&#8221;&#8221; header_2_font_size_phone=&#8221;17px&#8221; header_2_font_size_last_edited=&#8221;on|phone&#8221; global_colors_info=&#8221;{}&#8221;]<\/p>\n<h2>Primers<\/h2>\n<p>Crema casolana de carbassa amb Pa Enfornat<\/p>\n<p>Canel\u00f3 de pollastre de pag\u00e8s i trufa<\/p>\n<p>Carpaccio de Pinya amb Pernil Ib\u00e8ric<\/p>\n<p>Amanida Variada amb Formatge de Cabra i Nous<\/p>\n<p>Amanida de Salm\u00f3 Fumat amb Formatge Cremette<\/p>\n<p>Amanida Russa a l&#8217;Estil 4S<\/p>\n<p>Burrata amb Tom\u00e0quet i Sardina Fumada<\/p>\n<p>[\/et_pb_text][et_pb_text module_id=&#8221;tapas&#8221; _builder_version=&#8221;4.27.4&#8243; _module_preset=&#8221;default&#8221; header_2_font=&#8221;|600||on|||||&#8221; header_2_text_align=&#8221;center&#8221; header_2_line_height=&#8221;1.3em&#8221; text_orientation=&#8221;center&#8221; header_2_font_size_tablet=&#8221;&#8221; header_2_font_size_phone=&#8221;17px&#8221; header_2_font_size_last_edited=&#8221;on|phone&#8221; global_colors_info=&#8221;{}&#8221;]<\/p>\n<h2>Segons<\/h2>\n<p>Entrecot de Vedella Nacional a la Brasa<\/p>\n<p>Xuletes de Xai Nacional a la Brasa<\/p>\n<p>Galta al Forn<\/p>\n<p>Botifarra de pag\u00e8s a la brasa<\/p>\n<p>Llibrets de Llom casolans<\/p>\n<p>Hamburguesa Casera (200 gr.) amb Formatge i Ceba Caramelitzada<\/p>\n<p>Croquetes casolanes amb amanida<\/p>\n<p>Guisat 4 Estacions (Cervo, Javal\u00ed o Carn de Toro)<\/p>\n<p>Peix Fresc del Dia amb Guarnici\u00f3<\/p>\n<p>[\/et_pb_text][et_pb_text module_id=&#8221;tapas&#8221; _builder_version=&#8221;4.27.4&#8243; _module_preset=&#8221;default&#8221; header_2_font=&#8221;|600||on|||||&#8221; header_2_text_align=&#8221;center&#8221; header_2_line_height=&#8221;1.3em&#8221; text_orientation=&#8221;center&#8221; header_2_font_size_tablet=&#8221;&#8221; header_2_font_size_phone=&#8221;17px&#8221; header_2_font_size_last_edited=&#8221;on|phone&#8221; global_colors_info=&#8221;{}&#8221;]<\/p>\n<h2>Beguda, Pa i Postres Inclosos<\/h2>\n<p>(Els dijous tamb\u00e9 es podr\u00e0 triar paella de segon)<\/p>\n<p>[\/et_pb_text][et_pb_text module_id=&#8221;tapas&#8221; _builder_version=&#8221;4.27.4&#8243; _module_preset=&#8221;default&#8221; header_2_font=&#8221;|600||on|||||&#8221; header_2_text_align=&#8221;center&#8221; header_2_line_height=&#8221;1.3em&#8221; text_orientation=&#8221;center&#8221; header_2_font_size_tablet=&#8221;&#8221; header_2_font_size_phone=&#8221;17px&#8221; header_2_font_size_last_edited=&#8221;on|phone&#8221; global_colors_info=&#8221;{}&#8221;]<\/p>\n<h2>18&#8217;50\u20ac<\/h2>\n<h3>(I.V.A. incl\u00f2s)<\/h3>\n<p>[\/et_pb_text][\/et_pb_column][\/et_pb_row][\/et_pb_section]<\/p>\n","protected":false},"excerpt":{"rendered":"<p>Dimecres, dijous i divendres NO FESTIUSPrimers Crema casolana de carbassa amb Pa Enfornat Canel\u00f3 de pollastre de pag\u00e8s i trufa Carpaccio de Pinya amb Pernil Ib\u00e8ric Amanida Variada amb Formatge de Cabra i Nous Amanida de Salm\u00f3 Fumat amb Formatge Cremette Amanida Russa a l&#8217;Estil 4S Burrata amb Tom\u00e0quet i Sardina FumadaSegons Entrecot de Vedella [&hellip;]<\/p>\n","protected":false},"author":1,"featured_media":0,"parent":0,"menu_order":0,"comment_status":"closed","ping_status":"closed","template":"","meta":{"_et_pb_use_builder":"on","_et_pb_old_content":"","_et_gb_content_width":"","_joinchat":[],"footnotes":""},"class_list":["post-5227","page","type-page","status-publish","hentry"],"_links":{"self":[{"href":"http:\/\/restaurante4estaciones.com\/ca\/wp-json\/wp\/v2\/pages\/5227","targetHints":{"allow":["GET"]}}],"collection":[{"href":"http:\/\/restaurante4estaciones.com\/ca\/wp-json\/wp\/v2\/pages"}],"about":[{"href":"http:\/\/restaurante4estaciones.com\/ca\/wp-json\/wp\/v2\/types\/page"}],"author":[{"embeddable":true,"href":"http:\/\/restaurante4estaciones.com\/ca\/wp-json\/wp\/v2\/users\/1"}],"replies":[{"embeddable":true,"href":"http:\/\/restaurante4estaciones.com\/ca\/wp-json\/wp\/v2\/comments?post=5227"}],"version-history":[{"count":2,"href":"http:\/\/restaurante4estaciones.com\/ca\/wp-json\/wp\/v2\/pages\/5227\/revisions"}],"predecessor-version":[{"id":5229,"href":"http:\/\/restaurante4estaciones.com\/ca\/wp-json\/wp\/v2\/pages\/5227\/revisions\/5229"}],"wp:attachment":[{"href":"http:\/\/restaurante4estaciones.com\/ca\/wp-json\/wp\/v2\/media?parent=5227"}],"curies":[{"name":"wp","href":"https:\/\/api.w.org\/{rel}","templated":true}]}}