{"id":2904,"date":"2020-10-04T19:26:44","date_gmt":"2020-10-04T17:26:44","guid":{"rendered":"http:\/\/restaurante4estaciones.com\/inici\/"},"modified":"2025-12-15T14:45:41","modified_gmt":"2025-12-15T13:45:41","slug":"inici","status":"publish","type":"page","link":"https:\/\/restaurante4estaciones.com\/ca\/","title":{"rendered":"Inici"},"content":{"rendered":"<p>[et_pb_section fb_built=&#8221;1&#8243; _builder_version=&#8221;4.17.6&#8243; _module_preset=&#8221;default&#8221; background_enable_color=&#8221;off&#8221; background_video_mp4=&#8221;http:\/\/restaurante4estaciones.com\/wp-content\/uploads\/2022\/08\/video-home.mp4&#8243; custom_padding=&#8221;0px||0px||true|false&#8221; global_colors_info=&#8221;{}&#8221;][et_pb_row custom_padding_last_edited=&#8221;on|phone&#8221; _builder_version=&#8221;4.17.6&#8243; _module_preset=&#8221;default&#8221; background_color=&#8221;rgba(234,234,234,0.68)&#8221; width=&#8221;100%&#8221; max_width=&#8221;100%&#8221; custom_padding=&#8221;150px||150px||true|false&#8221; custom_padding_tablet=&#8221;100px||100px||true|false&#8221; custom_padding_phone=&#8221;80px||80px||true|false&#8221; global_colors_info=&#8221;{}&#8221;][et_pb_column type=&#8221;4_4&#8243; _builder_version=&#8221;4.17.6&#8243; _module_preset=&#8221;default&#8221; global_colors_info=&#8221;{}&#8221;][et_pb_text _builder_version=&#8221;4.17.6&#8243; _module_preset=&#8221;default&#8221; header_font=&#8221;|||on|||||&#8221; header_text_align=&#8221;center&#8221; header_font_size=&#8221;70px&#8221; header_letter_spacing=&#8221;3px&#8221; header_font_size_tablet=&#8221;65px&#8221; header_font_size_phone=&#8221;25px&#8221; header_font_size_last_edited=&#8221;on|phone&#8221; global_colors_info=&#8221;{}&#8221;]<\/p>\n<h1>Restaurant<br \/>\nLas 4 Estaciones<\/h1>\n<p>[\/et_pb_text][\/et_pb_column][\/et_pb_row][\/et_pb_section][et_pb_section fb_built=&#8221;1&#8243; _builder_version=&#8221;4.17.6&#8243; _module_preset=&#8221;default&#8221; use_background_color_gradient=&#8221;on&#8221; background_color_gradient_type=&#8221;circular&#8221; background_color_gradient_stops=&#8221;#ffffff 0%|#eaeaea 100%&#8221; background_enable_image=&#8221;off&#8221; background_size=&#8221;contain&#8221; background_position=&#8221;bottom_center&#8221; z_index=&#8221;43&#8243; custom_padding=&#8221;||||false|false&#8221; global_colors_info=&#8221;{}&#8221;][et_pb_row disabled_on=&#8221;off|off|off&#8221; _builder_version=&#8221;4.17.6&#8243; _module_preset=&#8221;default&#8221; background_color=&#8221;#FFFFFF&#8221; background_enable_image=&#8221;off&#8221; background_size=&#8221;contain&#8221; z_index=&#8221;100&#8243; width_tablet=&#8221;90%&#8221; width_phone=&#8221;94%&#8221; width_last_edited=&#8221;on|phone&#8221; max_width=&#8221;1000px&#8221; custom_padding=&#8221;20px|20px|20px|20px|true|true&#8221; border_radii=&#8221;on|10px|10px|10px|10px&#8221; box_shadow_style=&#8221;preset1&#8243; box_shadow_vertical=&#8221;0px&#8221; box_shadow_blur=&#8221;8px&#8221; box_shadow_spread=&#8221;3px&#8221; box_shadow_color=&#8221;rgba(0,0,0,0.07)&#8221; global_colors_info=&#8221;{}&#8221;][et_pb_column type=&#8221;4_4&#8243; _builder_version=&#8221;4.16&#8243; _module_preset=&#8221;default&#8221; global_colors_info=&#8221;{}&#8221;][et_pb_text _builder_version=&#8221;4.16&#8243; _module_preset=&#8221;default&#8221; text_font=&#8221;|300|||||||&#8221; header_2_font=&#8221;4S Regular|||on|||||&#8221; header_2_text_align=&#8221;center&#8221; text_orientation=&#8221;justified&#8221; custom_margin=&#8221;||||false|false&#8221; custom_padding=&#8221;|0px|||false|false&#8221; global_colors_info=&#8221;{}&#8221;]El restaurant Las 4 Estaciones Viladecans va obrir les portes el 1995.<\/p>\n<p>Des del primer dia ens esforcem a oferir el millor servei i la m\u00e0xima qualitat als nostres plats, tots ells d&#8217;elaboraci\u00f3 pr\u00f2pia realitzats amb productes frescos de m\u00e0xima qualitat.<\/p>\n<p>Podeu gaudir d&#8217;una aut\u00e8ntica cuina mediterr\u00e0nia amb els plats de la nostra carta.[\/et_pb_text][et_pb_divider color=&#8221;#848484&#8243; divider_position=&#8221;center&#8221; divider_weight=&#8221;2px&#8221; _builder_version=&#8221;4.16&#8243; _module_preset=&#8221;default&#8221; width=&#8221;70%&#8221; module_alignment=&#8221;center&#8221; global_colors_info=&#8221;{}&#8221;][\/et_pb_divider][\/et_pb_column][\/et_pb_row][\/et_pb_section][et_pb_section fb_built=&#8221;1&#8243; disabled_on=&#8221;on|off|off&#8221; _builder_version=&#8221;4.17.6&#8243; _module_preset=&#8221;default&#8221; background_color=&#8221;#ffffff&#8221; background_image=&#8221;http:\/\/restaurante4estaciones.com\/wp-content\/uploads\/2020\/10\/Restaurane-4-Estaciones-Viladecans.png&#8221; parallax=&#8221;on&#8221; top_divider_height=&#8221;50px&#8221; bottom_divider_height=&#8221;50px&#8221; background_last_edited=&#8221;on|phone&#8221; global_colors_info=&#8221;{}&#8221;][et_pb_row _builder_version=&#8221;4.16&#8243; _module_preset=&#8221;default&#8221; global_colors_info=&#8221;{}&#8221;][et_pb_column type=&#8221;4_4&#8243; _builder_version=&#8221;4.16&#8243; _module_preset=&#8221;default&#8221; global_colors_info=&#8221;{}&#8221;][et_pb_divider divider_weight=&#8221;0px&#8221; _builder_version=&#8221;4.17.6&#8243; _module_preset=&#8221;default&#8221; custom_padding=&#8221;77px||77px||true|false&#8221; global_colors_info=&#8221;{}&#8221;][\/et_pb_divider][\/et_pb_column][\/et_pb_row][\/et_pb_section][et_pb_section fb_built=&#8221;1&#8243; fullwidth=&#8221;on&#8221; module_id=&#8221;contacte&#8221; _builder_version=&#8221;4.16&#8243; _module_preset=&#8221;default&#8221; global_colors_info=&#8221;{}&#8221;][et_pb_fullwidth_map address=&#8221;Carreterta de la Vila, 11, 08840 Viladecans, Barcelona, Espa\u00f1a&#8221; zoom_level=&#8221;17&#8243; address_lat=&#8221;41.314518&#8243; address_lng=&#8221;2.0217152&#8243; mouse_wheel=&#8221;off&#8221; _builder_version=&#8221;4.16&#8243; _module_preset=&#8221;default&#8221; min_height=&#8221;500px&#8221; child_filter_saturate=&#8221;46%&#8221; global_colors_info=&#8221;{}&#8221;][et_pb_map_pin title=&#8221;Restaurant 4 Estacinoes Viladecans&#8221; pin_address=&#8221;Carreterta de la Vila, 11, 08840 Viladecans, Barcelona, Espa\u00f1a&#8221; pin_address_lat=&#8221;41.314518&#8243; pin_address_lng=&#8221;2.0217152&#8243; _builder_version=&#8221;4.6.5&#8243; _module_preset=&#8221;default&#8221; global_colors_info=&#8221;{}&#8221;][\/et_pb_map_pin][\/et_pb_fullwidth_map][\/et_pb_section]<\/p>\n","protected":false},"excerpt":{"rendered":"<p>Restaurant Las 4 EstacionesEl restaurant Las 4 Estaciones Viladecans va obrir les portes el 1995. Des del primer dia ens esforcem a oferir el millor servei i la m\u00e0xima qualitat als nostres plats, tots ells d&#8217;elaboraci\u00f3 pr\u00f2pia realitzats amb productes frescos de m\u00e0xima qualitat. Podeu gaudir d&#8217;una aut\u00e8ntica cuina mediterr\u00e0nia amb els plats de la [&hellip;]<\/p>\n","protected":false},"author":1,"featured_media":0,"parent":0,"menu_order":0,"comment_status":"closed","ping_status":"closed","template":"","meta":{"_et_pb_use_builder":"on","_et_pb_old_content":"","_et_gb_content_width":"","_joinchat":[],"footnotes":""},"class_list":["post-2904","page","type-page","status-publish","hentry"],"_links":{"self":[{"href":"https:\/\/restaurante4estaciones.com\/ca\/wp-json\/wp\/v2\/pages\/2904","targetHints":{"allow":["GET"]}}],"collection":[{"href":"https:\/\/restaurante4estaciones.com\/ca\/wp-json\/wp\/v2\/pages"}],"about":[{"href":"https:\/\/restaurante4estaciones.com\/ca\/wp-json\/wp\/v2\/types\/page"}],"author":[{"embeddable":true,"href":"https:\/\/restaurante4estaciones.com\/ca\/wp-json\/wp\/v2\/users\/1"}],"replies":[{"embeddable":true,"href":"https:\/\/restaurante4estaciones.com\/ca\/wp-json\/wp\/v2\/comments?post=2904"}],"version-history":[{"count":1,"href":"https:\/\/restaurante4estaciones.com\/ca\/wp-json\/wp\/v2\/pages\/2904\/revisions"}],"predecessor-version":[{"id":5245,"href":"https:\/\/restaurante4estaciones.com\/ca\/wp-json\/wp\/v2\/pages\/2904\/revisions\/5245"}],"wp:attachment":[{"href":"https:\/\/restaurante4estaciones.com\/ca\/wp-json\/wp\/v2\/media?parent=2904"}],"curies":[{"name":"wp","href":"https:\/\/api.w.org\/{rel}","templated":true}]}}